{"id":262,"date":"2017-10-02T13:17:07","date_gmt":"2017-10-02T13:17:07","guid":{"rendered":"https:\/\/barthel.marcwilmesdesign.lu\/produkte\/baeder\/referenzen-ideen\/"},"modified":"2022-11-04T08:44:01","modified_gmt":"2022-11-04T07:44:01","slug":"referenzen-ideen","status":"publish","type":"page","link":"https:\/\/heizung-barthel.lu\/fr\/leistungen\/bad\/referenzen-ideen\/","title":{"rendered":"R\u00e9f\u00e9rences et id\u00e9es"},"content":{"rendered":"","protected":false},"excerpt":{"rendered":"","protected":false},"author":1,"featured_media":0,"parent":74,"menu_order":3,"comment_status":"closed","ping_status":"closed","template":"","meta":[],"acf":[],"_links":{"self":[{"href":"https:\/\/heizung-barthel.lu\/fr\/wp-json\/wp\/v2\/pages\/262"}],"collection":[{"href":"https:\/\/heizung-barthel.lu\/fr\/wp-json\/wp\/v2\/pages"}],"about":[{"href":"https:\/\/heizung-barthel.lu\/fr\/wp-json\/wp\/v2\/types\/page"}],"author":[{"embeddable":true,"href":"https:\/\/heizung-barthel.lu\/fr\/wp-json\/wp\/v2\/users\/1"}],"replies":[{"embeddable":true,"href":"https:\/\/heizung-barthel.lu\/fr\/wp-json\/wp\/v2\/comments?post=262"}],"version-history":[{"count":0,"href":"https:\/\/heizung-barthel.lu\/fr\/wp-json\/wp\/v2\/pages\/262\/revisions"}],"up":[{"embeddable":true,"href":"https:\/\/heizung-barthel.lu\/fr\/wp-json\/wp\/v2\/pages\/74"}],"wp:attachment":[{"href":"https:\/\/heizung-barthel.lu\/fr\/wp-json\/wp\/v2\/media?parent=262"}],"curies":[{"name":"wp","href":"https:\/\/api.w.org\/{rel}","templated":true}]}}