{"id":488,"date":"2017-12-05T16:22:47","date_gmt":"2017-12-05T16:22:47","guid":{"rendered":"https:\/\/barthel.marcwilmesdesign.lu\/?page_id=488"},"modified":"2023-01-23T09:02:59","modified_gmt":"2023-01-23T08:02:59","slug":"dezentrale-lueftungsanlagen","status":"publish","type":"page","link":"https:\/\/heizung-barthel.lu\/fr\/leistungen\/lueftung\/dezentrale-lueftungsanlagen\/","title":{"rendered":"syst\u00e8me de ventilation d\u00e9centralis\u00e9"},"content":{"rendered":"","protected":false},"excerpt":{"rendered":"","protected":false},"author":1,"featured_media":0,"parent":80,"menu_order":0,"comment_status":"closed","ping_status":"closed","template":"","meta":[],"acf":[],"_links":{"self":[{"href":"https:\/\/heizung-barthel.lu\/fr\/wp-json\/wp\/v2\/pages\/488"}],"collection":[{"href":"https:\/\/heizung-barthel.lu\/fr\/wp-json\/wp\/v2\/pages"}],"about":[{"href":"https:\/\/heizung-barthel.lu\/fr\/wp-json\/wp\/v2\/types\/page"}],"author":[{"embeddable":true,"href":"https:\/\/heizung-barthel.lu\/fr\/wp-json\/wp\/v2\/users\/1"}],"replies":[{"embeddable":true,"href":"https:\/\/heizung-barthel.lu\/fr\/wp-json\/wp\/v2\/comments?post=488"}],"version-history":[{"count":0,"href":"https:\/\/heizung-barthel.lu\/fr\/wp-json\/wp\/v2\/pages\/488\/revisions"}],"up":[{"embeddable":true,"href":"https:\/\/heizung-barthel.lu\/fr\/wp-json\/wp\/v2\/pages\/80"}],"wp:attachment":[{"href":"https:\/\/heizung-barthel.lu\/fr\/wp-json\/wp\/v2\/media?parent=488"}],"curies":[{"name":"wp","href":"https:\/\/api.w.org\/{rel}","templated":true}]}}